{"id":48,"date":"2012-02-02T15:55:45","date_gmt":"2012-02-02T14:55:45","guid":{"rendered":"http:\/\/studiolegarage.com\/WordPress3\/?page_id=48"},"modified":"2025-08-29T14:23:49","modified_gmt":"2025-08-29T12:23:49","slug":"mastering","status":"publish","type":"page","link":"https:\/\/studiolegarage.com\/WordPress3\/?page_id=48","title":{"rendered":"Mastering"},"content":{"rendered":"<ul>\n<li><span style=\"color: #ffffff;\"><span style=\"color: #ffffff;\">Que vous ayez\u00a0 enregistr\u00e9 et mix\u00e9 une maquette en home studio, ou un album dans un studio d&rsquo;enregistrement professionnel, le Studio <strong>Le Garage<\/strong> se charge de finaliser votre projet dans les meilleures conditions.<br \/><\/span><\/span><br \/>\n<h3><strong><img loading=\"lazy\" decoding=\"async\" class=\"aligncenter size-full wp-image-613\" title=\"Very-heavy-duty-bass-speaker-animation-s\" src=\"https:\/\/studiolegarage.com\/WordPress3\/wp-content\/uploads\/2012\/02\/Very-heavy-duty-bass-speaker-animation-s.gif\" alt=\"\" width=\"200\" height=\"200\" srcset=\"https:\/\/studiolegarage.com\/WordPress3\/wp-content\/uploads\/2012\/02\/Very-heavy-duty-bass-speaker-animation-s.gif 200w, https:\/\/studiolegarage.com\/WordPress3\/wp-content\/uploads\/2012\/02\/Very-heavy-duty-bass-speaker-animation-s-150x150.gif 150w\" sizes=\"auto, (max-width: 200px) 100vw, 200px\" \/> <\/strong><\/h3>\n<p><span style=\"color: #ffffff;\"><span style=\"color: #ffffff;\">Nous sommes avant tout des passionn\u00e9s de musique, une bonne communication\u00a0 entre l&rsquo;artiste et l&rsquo;ing\u00e9nieur du son est fondamentale pour garantir un excellent r\u00e9sultat. C&rsquo;est pourquoi une attention particuli\u00e8re est port\u00e9e sur le travail r\u00e9alis\u00e9 au pr\u00e9alable, et sur la sonorit\u00e9 recherch\u00e9e par l&rsquo;artiste. C&rsquo;est aussi pour cette raison que les masters sont syst\u00e9matiquement soumis \u00e0 l&rsquo;avis de l&rsquo;artiste et approuv\u00e9s avant finalisation<\/span><\/span><\/p>\n<\/li>\n<li><span style=\"color: #ffffff;\">Les Mastering sont r\u00e9alis\u00e9s sur pr\u00e9amplis <span style=\"color: #0000ff;\"><strong><span style=\"color: #ffff00;\">Neve<\/span> <span style=\"color: #ffff00;\">1073,<\/span> <span style=\"color: #ffff00;\">Universal Audio 2610<\/span><\/strong><\/span> et sur l&rsquo;\u00e9diteur audio <span style=\"color: #0000ff;\"><strong><span style=\"color: #ffff00;\">Wavelab<\/span> <span style=\"color: #ffff00;\">12<\/span><\/strong><\/span><\/span><\/li>\n<li><span style=\"color: #ffffff;\">Les Plugings utilis\u00e9s pour la mod\u00e9lisation de vos titres sont les <span style=\"color: #ffff00;\"><strong>Shadow hills mastering compressor \/ Termionic culture vulture<\/strong><\/span>\u00a0et la <strong>s\u00e9rie pack<span style=\"color: #ffff00;\"> Mastering de<\/span><\/strong><span style=\"color: #ffff00;\"> <strong>Universal Audio<\/strong><\/span><\/span><\/li>\n<\/ul>\n<p style=\"text-align: center;\">\u00a0<\/p>\n\n\n<figure class=\"wp-block-image size-full is-style-default\"><a href=\"https:\/\/studiolegarage.com\/WordPress3\/wp-content\/uploads\/2023\/01\/SteinbergWavelabPro11.jpg\"><img loading=\"lazy\" decoding=\"async\" width=\"1000\" height=\"608\" src=\"https:\/\/studiolegarage.com\/WordPress3\/wp-content\/uploads\/2023\/01\/SteinbergWavelabPro11.jpg\" alt=\"\" class=\"wp-image-1449\" srcset=\"https:\/\/studiolegarage.com\/WordPress3\/wp-content\/uploads\/2023\/01\/SteinbergWavelabPro11.jpg 1000w, https:\/\/studiolegarage.com\/WordPress3\/wp-content\/uploads\/2023\/01\/SteinbergWavelabPro11-300x182.jpg 300w, https:\/\/studiolegarage.com\/WordPress3\/wp-content\/uploads\/2023\/01\/SteinbergWavelabPro11-768x467.jpg 768w, https:\/\/studiolegarage.com\/WordPress3\/wp-content\/uploads\/2023\/01\/SteinbergWavelabPro11-493x300.jpg 493w\" sizes=\"auto, (max-width: 1000px) 100vw, 1000px\" \/><\/a><figcaption class=\"wp-element-caption\">Wavelab 12<\/figcaption><\/figure>\n<div class='shareinpost'><ul class=\"socialwrap row\"><li class=\"iconOnly\"><a rel=\"nofollow\" target=\"_blank\" href=\"http:\/\/www.blogger.com\/blog_this.pyra?t&amp;u=https%3A%2F%2Fstudiolegarage.com%2FWordPress3%2F%3Fpage_id%3D48&amp;n=Mastering&amp;pli=1\" title=\"Share this post : Mastering on Blogger\" ><img loading=\"lazy\" decoding=\"async\" src=\"https:\/\/studiolegarage.com\/WordPress3\/wp-content\/plugins\/share-and-follow\/images\/blank.gif\" height=\"32\" style=\"background: transparent url(https:\/\/studiolegarage.com\/WordPress3\/wp-content\/plugins\/share-and-follow\/default\/32\/sprite-32.png) no-repeat;padding:0;margin:0;height:32px;width:32px;background-position:-66px 0px\" class=\"image-32\" width=\"32\" alt=\"blogger\"\/> <span class=\"head\">Blog this!<\/span><\/a><\/li><li class=\"iconOnly\"><a rel=\"nofollow\" target=\"_blank\" href=\"http:\/\/digg.com\/submit?url=https%3A%2F%2Fstudiolegarage.com%2FWordPress3%2F%3Fpage_id%3D48&amp;title=Mastering&amp;bodytext=%0AQue+vous+ayez%C2%A0+enregistr%C3%A9+et+mix%C3%A9+une+maquette+en+home+studio%2C+ou+un+album+dans+un+studio+d%27enregistrement+professionnel%2C+le+Studio+Le+Garage+se+charge+de+finaliser+votre+projet+dans+les+meilleures+conditions.%0A+%0ANous+sommes+avant+tout+des+passionn%C3%A9s+de+musique%2C+une+bonne+communication%C2%A0+entre+l%27artiste+et+l%27ing%C3%A9n\" title=\"Digg this post : Mastering\" ><img loading=\"lazy\" decoding=\"async\" src=\"https:\/\/studiolegarage.com\/WordPress3\/wp-content\/plugins\/share-and-follow\/images\/blank.gif\" height=\"32\" style=\"background: transparent url(https:\/\/studiolegarage.com\/WordPress3\/wp-content\/plugins\/share-and-follow\/default\/32\/sprite-32.png) no-repeat;padding:0;margin:0;height:32px;width:32px;background-position:-264px 0px\" class=\"image-32\" width=\"32\" alt=\"digg\"\/> <span class=\"head\">Digg this post<\/span><\/a><\/li><li class=\"iconOnly\"><a rel=\"nofollow\" target=\"_blank\" href=\"http:\/\/www.facebook.com\/sharer.php?u=https%3A%2F%2Fstudiolegarage.com%2FWordPress3%2F%3Fpage_id%3D48&amp;t=Mastering\" title=\"Recommend this post : Mastering on Facebook\" ><img loading=\"lazy\" decoding=\"async\" src=\"https:\/\/studiolegarage.com\/WordPress3\/wp-content\/plugins\/share-and-follow\/images\/blank.gif\" height=\"32\" style=\"background: transparent url(https:\/\/studiolegarage.com\/WordPress3\/wp-content\/plugins\/share-and-follow\/default\/32\/sprite-32.png) no-repeat;padding:0;margin:0;height:32px;width:32px;background-position:-363px 0px\" class=\"image-32\" width=\"32\" alt=\"facebook\"\/> <span class=\"head\">Recommend on Facebook<\/span><\/a><\/li><li class=\"iconOnly\"><a rel=\"nofollow\" target=\"_blank\" href=\"http:\/\/www.linkedin.com\/shareArticle?mini=true&amp;url=https%3A%2F%2Fstudiolegarage.com%2FWordPress3%2F%3Fpage_id%3D48&amp;title=Mastering&amp;&amp;summary=%0AQue+vous+ayez%C2%A0+enregistr%C3%A9+et+mix%C3%A9+une+maquette+en+home+studio%2C+ou+un+album+dans+un+studio+d%27enregistrement+professionnel%2C+le+Studio+Le+Garage+se+charge+de+finaliser+votre+projet+dans+les+meilleures+conditions.%0A+%0ANous+sommes+avant+tout+des+passionn%C3%A9s+de+musique%2C+une+bonne+communication%C2%A0+entre+l%27artiste+et+l%27ing%C3%A9n\" title=\"Share this post : Mastering on Linkedin\" ><img loading=\"lazy\" decoding=\"async\" src=\"https:\/\/studiolegarage.com\/WordPress3\/wp-content\/plugins\/share-and-follow\/images\/blank.gif\" height=\"32\" style=\"background: transparent url(https:\/\/studiolegarage.com\/WordPress3\/wp-content\/plugins\/share-and-follow\/default\/32\/sprite-32.png) no-repeat;padding:0;margin:0;height:32px;width:32px;background-position:-891px 0px\" class=\"image-32\" width=\"32\" alt=\"linkedin\"\/> <span class=\"head\">Share on Linkedin<\/span><\/a><\/li><li class=\"iconOnly\"><a rel=\"nofollow\" target=\"_blank\" href=\"http:\/\/www.myspace.com\/Modules\/PostTo\/Pages\/?u=https%3A%2F%2Fstudiolegarage.com%2FWordPress3%2F%3Fpage_id%3D48\" title=\"Share this post : Mastering via MySpace\" ><img loading=\"lazy\" decoding=\"async\" src=\"https:\/\/studiolegarage.com\/WordPress3\/wp-content\/plugins\/share-and-follow\/images\/blank.gif\" height=\"32\" style=\"background: transparent url(https:\/\/studiolegarage.com\/WordPress3\/wp-content\/plugins\/share-and-follow\/default\/32\/sprite-32.png) no-repeat;padding:0;margin:0;height:32px;width:32px;background-position:-1056px 0px\" class=\"image-32\" width=\"32\" alt=\"myspace\"\/> <span class=\"head\">Share via MySpace<\/span><\/a><\/li><li class=\"iconOnly\"><a rel=\"nofollow\" target=\"_blank\" href=\"http:\/\/www.reddit.com\/submit?url=https%3A%2F%2Fstudiolegarage.com%2FWordPress3%2F%3Fpage_id%3D48&amp;title=Mastering\" title=\"Share this post : Mastering on Reddit\" ><img loading=\"lazy\" decoding=\"async\" src=\"https:\/\/studiolegarage.com\/WordPress3\/wp-content\/plugins\/share-and-follow\/images\/blank.gif\" height=\"32\" style=\"background: transparent url(https:\/\/studiolegarage.com\/WordPress3\/wp-content\/plugins\/share-and-follow\/default\/32\/sprite-32.png) no-repeat;padding:0;margin:0;height:32px;width:32px;background-position:-1419px 0px\" class=\"image-32\" width=\"32\" alt=\"reddit\"\/> <span class=\"head\">share via Reddit<\/span><\/a><\/li><li class=\"iconOnly\"><a rel=\"nofollow\" target=\"_blank\" href=\"http:\/\/www.stumbleupon.com\/submit?url=https%3A%2F%2Fstudiolegarage.com%2FWordPress3%2F%3Fpage_id%3D48&amp;title=Mastering\" title=\"Share this post : Mastering with Stumblers\" ><img loading=\"lazy\" decoding=\"async\" src=\"https:\/\/studiolegarage.com\/WordPress3\/wp-content\/plugins\/share-and-follow\/images\/blank.gif\" height=\"32\" style=\"background: transparent url(https:\/\/studiolegarage.com\/WordPress3\/wp-content\/plugins\/share-and-follow\/default\/32\/sprite-32.png) no-repeat;padding:0;margin:0;height:32px;width:32px;background-position:-1617px 0px\" class=\"image-32\" width=\"32\" alt=\"stumble\"\/> <span class=\"head\">Share with Stumblers<\/span><\/a><\/li><li class=\"iconOnly\"><a rel=\"nofollow\" target=\"_blank\" href=\"http:\/\/www.tumblr.com\/share?v=3&amp;u=https%3A%2F%2Fstudiolegarage.com%2FWordPress3%2F%3Fpage_id%3D48&amp;t=Mastering\" title=\"Tumblr. this post : Mastering \" ><img loading=\"lazy\" decoding=\"async\" src=\"https:\/\/studiolegarage.com\/WordPress3\/wp-content\/plugins\/share-and-follow\/images\/blank.gif\" height=\"32\" style=\"background: transparent url(https:\/\/studiolegarage.com\/WordPress3\/wp-content\/plugins\/share-and-follow\/default\/32\/sprite-32.png) no-repeat;padding:0;margin:0;height:32px;width:32px;background-position:-1716px 0px\" class=\"image-32\" width=\"32\" alt=\"tumblr\"\/> <span class=\"head\">Tumblr it<\/span><\/a><\/li><li class=\"iconOnly\"><a rel=\"nofollow\" target=\"_blank\" href=\"http:\/\/twitter.com\/home\/?status=https%3A%2F%2Fstudiolegarage.com%2FWordPress3%2F%3Fpage_id%3D48\" title=\"Tweet this post : Mastering on Twitter\" ><img loading=\"lazy\" decoding=\"async\" src=\"https:\/\/studiolegarage.com\/WordPress3\/wp-content\/plugins\/share-and-follow\/images\/blank.gif\" height=\"32\" style=\"background: transparent url(https:\/\/studiolegarage.com\/WordPress3\/wp-content\/plugins\/share-and-follow\/default\/32\/sprite-32.png) no-repeat;padding:0;margin:0;height:32px;width:32px;background-position:-1749px 0px\" class=\"image-32\"  width=\"32\"  alt=\"twitter\"\/> <span class=\"head\">Tweet about it<\/span><\/a><\/li><li class=\"iconOnly\"><a rel=\"nofollow\" target=\"_blank\" href=\"http:\/\/buzz.yahoo.com\/buzz?targetUrl=https%3A%2F%2Fstudiolegarage.com%2FWordPress3%2F%3Fpage_id%3D48\" title=\"Buzz up this post : Mastering \" ><img loading=\"lazy\" decoding=\"async\" src=\"https:\/\/studiolegarage.com\/WordPress3\/wp-content\/plugins\/share-and-follow\/images\/blank.gif\" height=\"32\" style=\"background: transparent url(https:\/\/studiolegarage.com\/WordPress3\/wp-content\/plugins\/share-and-follow\/default\/32\/sprite-32.png) no-repeat;padding:0;margin:0;height:32px;width:32px;background-position:-1980px 0px\" class=\"image-32\" width=\"32\" alt=\"yahoo_buzz\"\/> <span class=\"head\">Buzz it up<\/span><\/a><\/li><li class=\"iconOnly\"><a rel=\"_self\" href=\"https:\/\/studiolegarage.com\/WordPress3\/?page_id=48&feed=rss2\" title=\"Follow this post : Mastering comments\"><img loading=\"lazy\" decoding=\"async\" src=\"https:\/\/studiolegarage.com\/WordPress3\/wp-content\/plugins\/share-and-follow\/images\/blank.gif\" height=\"32\"  width=\"32\" style=\"background: transparent url(https:\/\/studiolegarage.com\/WordPress3\/wp-content\/plugins\/share-and-follow\/default\/32\/sprite-32.png) no-repeat;padding:0;margin:0;height:32px;width:32px;background-position:-1452px 0px\" class=\"image-32\"  alt=\"rss\" \/> <span class=\"head\">Subscribe to the comments on this post<\/span><\/a><\/li><li class=\"iconOnly\"><a rel=\"nofollow\" target=\"_self\" href=\"javascript:window.print();\" title=\"Print this post : Mastering for reading later\" ><img loading=\"lazy\" decoding=\"async\" src=\"https:\/\/studiolegarage.com\/WordPress3\/wp-content\/plugins\/share-and-follow\/images\/blank.gif\" height=\"32\" style=\"background: transparent url(https:\/\/studiolegarage.com\/WordPress3\/wp-content\/plugins\/share-and-follow\/default\/32\/sprite-32.png) no-repeat;padding:0;margin:0;height:32px;width:32px;background-position:-1386px 0px\" class=\"image-32\" width=\"32\" alt=\"print\"\/> <span class=\"head\">Print for later<\/span><\/a><\/li><li class=\"iconOnly\"><a rel=\"nofollow\" target=\"_self\" href=\"javascript:window.bookMark('https%3A%2F%2Fstudiolegarage.com%2FWordPress3%2F%3Fpage_id%3D48', 'Mastering', BrowserDetect.browser);\" title=\"Bookmark this post : Mastering\" ><img loading=\"lazy\" decoding=\"async\" src=\"https:\/\/studiolegarage.com\/WordPress3\/wp-content\/plugins\/share-and-follow\/images\/blank.gif\" height=\"32\" style=\"background: transparent url(https:\/\/studiolegarage.com\/WordPress3\/wp-content\/plugins\/share-and-follow\/default\/32\/sprite-32.png) no-repeat;padding:0;margin:0;height:32px;width:32px;background-position:-99px 0px\" class=\"image-32\" width=\"32\" alt=\"bookmark\"\/> <span class=\"head\">Bookmark in Browser<\/span><\/a><\/li><li class=\"iconOnly\"><a rel=\"_self\" href=\"mailto:?subject=%20Studio%20Le%20Garage%20:%20Mastering&amp;body=Viens%20d\u00e9couvrir%20le%20Studio%20d'enregistrement%20Le%20Garage%20!!!%20Fortement%20recommand\u00e9%20;)%20%20https:\/\/studiolegarage.com\/WordPress3\/?page_id=48\" title=\"Tell a friend about this post : Mastering \"><img loading=\"lazy\" decoding=\"async\" src=\"https:\/\/studiolegarage.com\/WordPress3\/wp-content\/plugins\/share-and-follow\/images\/blank.gif\" height=\"32\"  width=\"32\" style=\"background: transparent url(https:\/\/studiolegarage.com\/WordPress3\/wp-content\/plugins\/share-and-follow\/default\/32\/sprite-32.png) no-repeat;padding:0;margin:0;height:32px;width:32px;background-position:-330px 0px\" class=\"image-32\"  alt=\"email\" \/> <span class=\"head\">Tell a friend<\/span><\/a><\/li><\/ul><div class=\"clean\"><\/div> <\/div><div style=\"padding: 10px 0 \"  class=\"interactive_bottom\"><iframe src=\"http:\/\/www.facebook.com\/plugins\/like.php?href=https%3A%2F%2Fstudiolegarage.com%2FWordPress3%2F%3Fpage_id%3D48&amp;layout=standard&amp;show_faces=false&amp;width=65&amp;action=like&amp;font=tahoma&amp;colorscheme=light&amp;height=31\" scrolling=\"no\" frameborder=\"0\" style=\"border:none; overflow:hidden; width:65px; height:31px;\" allowTransparency=\"true\"><\/iframe><\/div>","protected":false},"excerpt":{"rendered":"<p>Que vous ayez\u00a0 enregistr\u00e9 et mix\u00e9 une maquette en home studio, ou un album dans un studio d&rsquo;enregistrement professionnel, le Studio Le Garage se charge de finaliser votre projet dans les meilleures conditions. Nous sommes avant tout des passionn\u00e9s de &hellip; <a href=\"https:\/\/studiolegarage.com\/WordPress3\/?page_id=48\">Continuer la lecture <span class=\"meta-nav\">&rarr;<\/span><\/a><\/p>\n","protected":false},"author":1,"featured_media":0,"parent":0,"menu_order":2,"comment_status":"closed","ping_status":"closed","template":"","meta":{"_crdt_document":"","_monsterinsights_skip_tracking":false,"_monsterinsights_sitenote_active":false,"_monsterinsights_sitenote_note":"","_monsterinsights_sitenote_category":0,"footnotes":""},"class_list":["post-48","page","type-page","status-publish","hentry"],"_links":{"self":[{"href":"https:\/\/studiolegarage.com\/WordPress3\/index.php?rest_route=\/wp\/v2\/pages\/48","targetHints":{"allow":["GET"]}}],"collection":[{"href":"https:\/\/studiolegarage.com\/WordPress3\/index.php?rest_route=\/wp\/v2\/pages"}],"about":[{"href":"https:\/\/studiolegarage.com\/WordPress3\/index.php?rest_route=\/wp\/v2\/types\/page"}],"author":[{"embeddable":true,"href":"https:\/\/studiolegarage.com\/WordPress3\/index.php?rest_route=\/wp\/v2\/users\/1"}],"replies":[{"embeddable":true,"href":"https:\/\/studiolegarage.com\/WordPress3\/index.php?rest_route=%2Fwp%2Fv2%2Fcomments&post=48"}],"version-history":[{"count":45,"href":"https:\/\/studiolegarage.com\/WordPress3\/index.php?rest_route=\/wp\/v2\/pages\/48\/revisions"}],"predecessor-version":[{"id":1521,"href":"https:\/\/studiolegarage.com\/WordPress3\/index.php?rest_route=\/wp\/v2\/pages\/48\/revisions\/1521"}],"wp:attachment":[{"href":"https:\/\/studiolegarage.com\/WordPress3\/index.php?rest_route=%2Fwp%2Fv2%2Fmedia&parent=48"}],"curies":[{"name":"wp","href":"https:\/\/api.w.org\/{rel}","templated":true}]}}