{"id":54,"date":"2012-02-02T16:11:59","date_gmt":"2012-02-02T15:11:59","guid":{"rendered":"http:\/\/studiolegarage.com\/WordPress3\/?page_id=54"},"modified":"2023-04-04T23:13:11","modified_gmt":"2023-04-04T21:13:11","slug":"staf","status":"publish","type":"page","link":"https:\/\/studiolegarage.com\/WordPress3\/?page_id=54","title":{"rendered":"Staf"},"content":{"rendered":"<p><a href=\"https:\/\/studiolegarage.com\/WordPress3\/wp-content\/uploads\/2012\/02\/tof-All-ing-son-wordpress1.jpg\"><img loading=\"lazy\" decoding=\"async\" class=\"alignleft size-thumbnail wp-image-176\" title=\"tof All ing son wordpress\" src=\"https:\/\/studiolegarage.com\/WordPress3\/wp-content\/uploads\/2012\/02\/tof-All-ing-son-wordpress1-150x150.jpg\" alt=\"\" width=\"118\" height=\"116\" \/><\/a><strong><span style=\"color: #ffffff;\">Alain Perusini<\/span><\/strong><\/p>\n<p><span style=\"color: #ffffff;\">Il d\u00e9couvre l&rsquo;univers des Studios d&rsquo;enregistrement professionnels en travaillant comme musicien de Studio (ICP: Bruxelle, Davout: Paris, Ferbert: Paris, Studio des Martyrs: Paris, studio Gang: Paris, etc.). \u00a0Il est soci\u00e9taire de la soci\u00e9t\u00e9 des auteurs compositeurs dramatique en travaillant pour le CCN de Caen et le CCN de Roanne. Depuis 2003 il exerce aussi en tant Que arrangeur ing\u00e9-son sur de nombreux projets (rock,\u00a0m\u00e9tal, latino, musique urbaine, jazz). Depuis 2005 il est le bassiste compositeur de Caf\u00e9 Bertrand.<\/span><\/p>\n<div class='shareinpost'><ul class=\"socialwrap row\"><li class=\"iconOnly\"><a rel=\"nofollow\" target=\"_blank\" href=\"http:\/\/www.blogger.com\/blog_this.pyra?t&amp;u=https%3A%2F%2Fstudiolegarage.com%2FWordPress3%2F%3Fpage_id%3D54&amp;n=Staf&amp;pli=1\" title=\"Share this post : Staf on Blogger\" ><img loading=\"lazy\" decoding=\"async\" src=\"https:\/\/studiolegarage.com\/WordPress3\/wp-content\/plugins\/share-and-follow\/images\/blank.gif\" height=\"32\" style=\"background: transparent url(https:\/\/studiolegarage.com\/WordPress3\/wp-content\/plugins\/share-and-follow\/default\/32\/sprite-32.png) no-repeat;padding:0;margin:0;height:32px;width:32px;background-position:-66px 0px\" class=\"image-32\" width=\"32\" alt=\"blogger\"\/> <span class=\"head\">Blog this!<\/span><\/a><\/li><li class=\"iconOnly\"><a rel=\"nofollow\" target=\"_blank\" href=\"http:\/\/digg.com\/submit?url=https%3A%2F%2Fstudiolegarage.com%2FWordPress3%2F%3Fpage_id%3D54&amp;title=Staf&amp;bodytext=Alain+Perusini%0A%0AIl+d%C3%A9couvre+l%27univers+des+Studios+d%27enregistrement+professionnels+en+travaillant+comme+musicien+de+Studio+%28ICP%3A+Bruxelle%2C+Davout%3A+Paris%2C+Ferbert%3A+Paris%2C+Studio+des+Martyrs%3A+Paris%2C+studio+Gang%3A+Paris%2C+etc.%29.+%C2%A0Il+est+soci%C3%A9taire+de+la+soci%C3%A9t%C3%A9+des+auteurs+compositeurs+dramatique+en+travaillant+pour+le+\" title=\"Digg this post : Staf\" ><img loading=\"lazy\" decoding=\"async\" src=\"https:\/\/studiolegarage.com\/WordPress3\/wp-content\/plugins\/share-and-follow\/images\/blank.gif\" height=\"32\" style=\"background: transparent url(https:\/\/studiolegarage.com\/WordPress3\/wp-content\/plugins\/share-and-follow\/default\/32\/sprite-32.png) no-repeat;padding:0;margin:0;height:32px;width:32px;background-position:-264px 0px\" class=\"image-32\" width=\"32\" alt=\"digg\"\/> <span class=\"head\">Digg this post<\/span><\/a><\/li><li class=\"iconOnly\"><a rel=\"nofollow\" target=\"_blank\" href=\"http:\/\/www.facebook.com\/sharer.php?u=https%3A%2F%2Fstudiolegarage.com%2FWordPress3%2F%3Fpage_id%3D54&amp;t=Staf\" title=\"Recommend this post : Staf on Facebook\" ><img loading=\"lazy\" decoding=\"async\" src=\"https:\/\/studiolegarage.com\/WordPress3\/wp-content\/plugins\/share-and-follow\/images\/blank.gif\" height=\"32\" style=\"background: transparent url(https:\/\/studiolegarage.com\/WordPress3\/wp-content\/plugins\/share-and-follow\/default\/32\/sprite-32.png) no-repeat;padding:0;margin:0;height:32px;width:32px;background-position:-363px 0px\" class=\"image-32\" width=\"32\" alt=\"facebook\"\/> <span class=\"head\">Recommend on Facebook<\/span><\/a><\/li><li class=\"iconOnly\"><a rel=\"nofollow\" target=\"_blank\" href=\"http:\/\/www.linkedin.com\/shareArticle?mini=true&amp;url=https%3A%2F%2Fstudiolegarage.com%2FWordPress3%2F%3Fpage_id%3D54&amp;title=Staf&amp;&amp;summary=Alain+Perusini%0A%0AIl+d%C3%A9couvre+l%27univers+des+Studios+d%27enregistrement+professionnels+en+travaillant+comme+musicien+de+Studio+%28ICP%3A+Bruxelle%2C+Davout%3A+Paris%2C+Ferbert%3A+Paris%2C+Studio+des+Martyrs%3A+Paris%2C+studio+Gang%3A+Paris%2C+etc.%29.+%C2%A0Il+est+soci%C3%A9taire+de+la+soci%C3%A9t%C3%A9+des+auteurs+compositeurs+dramatique+en+travaillant+pour+le+\" title=\"Share this post : Staf on Linkedin\" ><img loading=\"lazy\" decoding=\"async\" src=\"https:\/\/studiolegarage.com\/WordPress3\/wp-content\/plugins\/share-and-follow\/images\/blank.gif\" height=\"32\" style=\"background: transparent url(https:\/\/studiolegarage.com\/WordPress3\/wp-content\/plugins\/share-and-follow\/default\/32\/sprite-32.png) no-repeat;padding:0;margin:0;height:32px;width:32px;background-position:-891px 0px\" class=\"image-32\" width=\"32\" alt=\"linkedin\"\/> <span class=\"head\">Share on Linkedin<\/span><\/a><\/li><li class=\"iconOnly\"><a rel=\"nofollow\" target=\"_blank\" href=\"http:\/\/www.myspace.com\/Modules\/PostTo\/Pages\/?u=https%3A%2F%2Fstudiolegarage.com%2FWordPress3%2F%3Fpage_id%3D54\" title=\"Share this post : Staf via MySpace\" ><img loading=\"lazy\" decoding=\"async\" src=\"https:\/\/studiolegarage.com\/WordPress3\/wp-content\/plugins\/share-and-follow\/images\/blank.gif\" height=\"32\" style=\"background: transparent url(https:\/\/studiolegarage.com\/WordPress3\/wp-content\/plugins\/share-and-follow\/default\/32\/sprite-32.png) no-repeat;padding:0;margin:0;height:32px;width:32px;background-position:-1056px 0px\" class=\"image-32\" width=\"32\" alt=\"myspace\"\/> <span class=\"head\">Share via MySpace<\/span><\/a><\/li><li class=\"iconOnly\"><a rel=\"nofollow\" target=\"_blank\" href=\"http:\/\/www.reddit.com\/submit?url=https%3A%2F%2Fstudiolegarage.com%2FWordPress3%2F%3Fpage_id%3D54&amp;title=Staf\" title=\"Share this post : Staf on Reddit\" ><img loading=\"lazy\" decoding=\"async\" src=\"https:\/\/studiolegarage.com\/WordPress3\/wp-content\/plugins\/share-and-follow\/images\/blank.gif\" height=\"32\" style=\"background: transparent url(https:\/\/studiolegarage.com\/WordPress3\/wp-content\/plugins\/share-and-follow\/default\/32\/sprite-32.png) no-repeat;padding:0;margin:0;height:32px;width:32px;background-position:-1419px 0px\" class=\"image-32\" width=\"32\" alt=\"reddit\"\/> <span class=\"head\">share via Reddit<\/span><\/a><\/li><li class=\"iconOnly\"><a rel=\"nofollow\" target=\"_blank\" href=\"http:\/\/www.stumbleupon.com\/submit?url=https%3A%2F%2Fstudiolegarage.com%2FWordPress3%2F%3Fpage_id%3D54&amp;title=Staf\" title=\"Share this post : Staf with Stumblers\" ><img loading=\"lazy\" decoding=\"async\" src=\"https:\/\/studiolegarage.com\/WordPress3\/wp-content\/plugins\/share-and-follow\/images\/blank.gif\" height=\"32\" style=\"background: transparent url(https:\/\/studiolegarage.com\/WordPress3\/wp-content\/plugins\/share-and-follow\/default\/32\/sprite-32.png) no-repeat;padding:0;margin:0;height:32px;width:32px;background-position:-1617px 0px\" class=\"image-32\" width=\"32\" alt=\"stumble\"\/> <span class=\"head\">Share with Stumblers<\/span><\/a><\/li><li class=\"iconOnly\"><a rel=\"nofollow\" target=\"_blank\" href=\"http:\/\/www.tumblr.com\/share?v=3&amp;u=https%3A%2F%2Fstudiolegarage.com%2FWordPress3%2F%3Fpage_id%3D54&amp;t=Staf\" title=\"Tumblr. this post : Staf \" ><img loading=\"lazy\" decoding=\"async\" src=\"https:\/\/studiolegarage.com\/WordPress3\/wp-content\/plugins\/share-and-follow\/images\/blank.gif\" height=\"32\" style=\"background: transparent url(https:\/\/studiolegarage.com\/WordPress3\/wp-content\/plugins\/share-and-follow\/default\/32\/sprite-32.png) no-repeat;padding:0;margin:0;height:32px;width:32px;background-position:-1716px 0px\" class=\"image-32\" width=\"32\" alt=\"tumblr\"\/> <span class=\"head\">Tumblr it<\/span><\/a><\/li><li class=\"iconOnly\"><a rel=\"nofollow\" target=\"_blank\" href=\"http:\/\/twitter.com\/home\/?status=https%3A%2F%2Fstudiolegarage.com%2FWordPress3%2F%3Fpage_id%3D54\" title=\"Tweet this post : Staf on Twitter\" ><img loading=\"lazy\" decoding=\"async\" src=\"https:\/\/studiolegarage.com\/WordPress3\/wp-content\/plugins\/share-and-follow\/images\/blank.gif\" height=\"32\" style=\"background: transparent url(https:\/\/studiolegarage.com\/WordPress3\/wp-content\/plugins\/share-and-follow\/default\/32\/sprite-32.png) no-repeat;padding:0;margin:0;height:32px;width:32px;background-position:-1749px 0px\" class=\"image-32\"  width=\"32\"  alt=\"twitter\"\/> <span class=\"head\">Tweet about it<\/span><\/a><\/li><li class=\"iconOnly\"><a rel=\"nofollow\" target=\"_blank\" href=\"http:\/\/buzz.yahoo.com\/buzz?targetUrl=https%3A%2F%2Fstudiolegarage.com%2FWordPress3%2F%3Fpage_id%3D54\" title=\"Buzz up this post : Staf \" ><img loading=\"lazy\" decoding=\"async\" src=\"https:\/\/studiolegarage.com\/WordPress3\/wp-content\/plugins\/share-and-follow\/images\/blank.gif\" height=\"32\" style=\"background: transparent url(https:\/\/studiolegarage.com\/WordPress3\/wp-content\/plugins\/share-and-follow\/default\/32\/sprite-32.png) no-repeat;padding:0;margin:0;height:32px;width:32px;background-position:-1980px 0px\" class=\"image-32\" width=\"32\" alt=\"yahoo_buzz\"\/> <span class=\"head\">Buzz it up<\/span><\/a><\/li><li class=\"iconOnly\"><a rel=\"_self\" href=\"https:\/\/studiolegarage.com\/WordPress3\/?page_id=54&feed=rss2\" title=\"Follow this post : Staf comments\"><img loading=\"lazy\" decoding=\"async\" src=\"https:\/\/studiolegarage.com\/WordPress3\/wp-content\/plugins\/share-and-follow\/images\/blank.gif\" height=\"32\"  width=\"32\" style=\"background: transparent url(https:\/\/studiolegarage.com\/WordPress3\/wp-content\/plugins\/share-and-follow\/default\/32\/sprite-32.png) no-repeat;padding:0;margin:0;height:32px;width:32px;background-position:-1452px 0px\" class=\"image-32\"  alt=\"rss\" \/> <span class=\"head\">Subscribe to the comments on this post<\/span><\/a><\/li><li class=\"iconOnly\"><a rel=\"nofollow\" target=\"_self\" href=\"javascript:window.print();\" title=\"Print this post : Staf for reading later\" ><img loading=\"lazy\" decoding=\"async\" src=\"https:\/\/studiolegarage.com\/WordPress3\/wp-content\/plugins\/share-and-follow\/images\/blank.gif\" height=\"32\" style=\"background: transparent url(https:\/\/studiolegarage.com\/WordPress3\/wp-content\/plugins\/share-and-follow\/default\/32\/sprite-32.png) no-repeat;padding:0;margin:0;height:32px;width:32px;background-position:-1386px 0px\" class=\"image-32\" width=\"32\" alt=\"print\"\/> <span class=\"head\">Print for later<\/span><\/a><\/li><li class=\"iconOnly\"><a rel=\"nofollow\" target=\"_self\" href=\"javascript:window.bookMark('https%3A%2F%2Fstudiolegarage.com%2FWordPress3%2F%3Fpage_id%3D54', 'Staf', BrowserDetect.browser);\" title=\"Bookmark this post : Staf\" ><img loading=\"lazy\" decoding=\"async\" src=\"https:\/\/studiolegarage.com\/WordPress3\/wp-content\/plugins\/share-and-follow\/images\/blank.gif\" height=\"32\" style=\"background: transparent url(https:\/\/studiolegarage.com\/WordPress3\/wp-content\/plugins\/share-and-follow\/default\/32\/sprite-32.png) no-repeat;padding:0;margin:0;height:32px;width:32px;background-position:-99px 0px\" class=\"image-32\" width=\"32\" alt=\"bookmark\"\/> <span class=\"head\">Bookmark in Browser<\/span><\/a><\/li><li class=\"iconOnly\"><a rel=\"_self\" href=\"mailto:?subject=%20Studio%20Le%20Garage%20:%20Staf&amp;body=Viens%20d\u00e9couvrir%20le%20Studio%20d'enregistrement%20Le%20Garage%20!!!%20Fortement%20recommand\u00e9%20;)%20%20https:\/\/studiolegarage.com\/WordPress3\/?page_id=54\" title=\"Tell a friend about this post : Staf \"><img loading=\"lazy\" decoding=\"async\" src=\"https:\/\/studiolegarage.com\/WordPress3\/wp-content\/plugins\/share-and-follow\/images\/blank.gif\" height=\"32\"  width=\"32\" style=\"background: transparent url(https:\/\/studiolegarage.com\/WordPress3\/wp-content\/plugins\/share-and-follow\/default\/32\/sprite-32.png) no-repeat;padding:0;margin:0;height:32px;width:32px;background-position:-330px 0px\" class=\"image-32\"  alt=\"email\" \/> <span class=\"head\">Tell a friend<\/span><\/a><\/li><\/ul><div class=\"clean\"><\/div> <\/div><div style=\"padding: 10px 0 \"  class=\"interactive_bottom\"><iframe src=\"http:\/\/www.facebook.com\/plugins\/like.php?href=https%3A%2F%2Fstudiolegarage.com%2FWordPress3%2F%3Fpage_id%3D54&amp;layout=standard&amp;show_faces=false&amp;width=65&amp;action=like&amp;font=tahoma&amp;colorscheme=light&amp;height=31\" scrolling=\"no\" frameborder=\"0\" style=\"border:none; overflow:hidden; width:65px; height:31px;\" allowTransparency=\"true\"><\/iframe><\/div>","protected":false},"excerpt":{"rendered":"<p>Alain Perusini Il d\u00e9couvre l&rsquo;univers des Studios d&rsquo;enregistrement professionnels en travaillant comme musicien de Studio (ICP: Bruxelle, Davout: Paris, Ferbert: Paris, Studio des Martyrs: Paris, studio Gang: Paris, etc.). \u00a0Il est soci\u00e9taire de la soci\u00e9t\u00e9 des auteurs compositeurs dramatique en &hellip; <a href=\"https:\/\/studiolegarage.com\/WordPress3\/?page_id=54\">Continuer la lecture <span class=\"meta-nav\">&rarr;<\/span><\/a><\/p>\n","protected":false},"author":1,"featured_media":0,"parent":18,"menu_order":2,"comment_status":"closed","ping_status":"closed","template":"","meta":{"_crdt_document":"","_monsterinsights_skip_tracking":false,"_monsterinsights_sitenote_active":false,"_monsterinsights_sitenote_note":"","_monsterinsights_sitenote_category":0,"footnotes":""},"class_list":["post-54","page","type-page","status-publish","hentry"],"_links":{"self":[{"href":"https:\/\/studiolegarage.com\/WordPress3\/index.php?rest_route=\/wp\/v2\/pages\/54","targetHints":{"allow":["GET"]}}],"collection":[{"href":"https:\/\/studiolegarage.com\/WordPress3\/index.php?rest_route=\/wp\/v2\/pages"}],"about":[{"href":"https:\/\/studiolegarage.com\/WordPress3\/index.php?rest_route=\/wp\/v2\/types\/page"}],"author":[{"embeddable":true,"href":"https:\/\/studiolegarage.com\/WordPress3\/index.php?rest_route=\/wp\/v2\/users\/1"}],"replies":[{"embeddable":true,"href":"https:\/\/studiolegarage.com\/WordPress3\/index.php?rest_route=%2Fwp%2Fv2%2Fcomments&post=54"}],"version-history":[{"count":23,"href":"https:\/\/studiolegarage.com\/WordPress3\/index.php?rest_route=\/wp\/v2\/pages\/54\/revisions"}],"predecessor-version":[{"id":1484,"href":"https:\/\/studiolegarage.com\/WordPress3\/index.php?rest_route=\/wp\/v2\/pages\/54\/revisions\/1484"}],"up":[{"embeddable":true,"href":"https:\/\/studiolegarage.com\/WordPress3\/index.php?rest_route=\/wp\/v2\/pages\/18"}],"wp:attachment":[{"href":"https:\/\/studiolegarage.com\/WordPress3\/index.php?rest_route=%2Fwp%2Fv2%2Fmedia&parent=54"}],"curies":[{"name":"wp","href":"https:\/\/api.w.org\/{rel}","templated":true}]}}