{"id":71,"date":"2012-02-02T18:27:40","date_gmt":"2012-02-02T17:27:40","guid":{"rendered":"http:\/\/studiolegarage.com\/WordPress3\/?page_id=71"},"modified":"2025-08-29T14:23:38","modified_gmt":"2025-08-29T12:23:38","slug":"mix","status":"publish","type":"page","link":"https:\/\/studiolegarage.com\/WordPress3\/?page_id=71","title":{"rendered":"Mixage"},"content":{"rendered":"<div><span style=\"font-size: small;\"><span style=\"line-height: 24px;\">\u00a0<\/span><\/span><\/div>\n<ul>\n<li><span style=\"color: #ffffff;\"><span style=\"color: #ffffff;\">Que vous ayez enregistr\u00e9 une maquette en home studio, ou un album dans un studio d&rsquo;enregistrement professionnel, le Studio\u00a0<strong>Le Garage<\/strong>\u00a0se charge de mix\u00e9 votre projet dans les meilleures conditions.<br \/><\/span><\/span><br \/>\n<h3><strong><img loading=\"lazy\" decoding=\"async\" class=\"aligncenter size-full wp-image-616\" title=\"moving-equalizer-animated-gif\" src=\"https:\/\/studiolegarage.com\/WordPress3\/wp-content\/uploads\/2012\/02\/moving-equalizer-animated-gif.gif\" alt=\"\" width=\"220\" height=\"60\" \/> <\/strong><\/h3>\n<p><span style=\"color: #ffffff;\">Nous sommes avant tout des passionn\u00e9s de musique, une bonne communication\u00a0 entre l&rsquo;artiste et l&rsquo;ing\u00e9nieur du son est fondamentale pour garantir un excellent r\u00e9sultat. C&rsquo;est pourquoi une attention particuli\u00e8re est port\u00e9e sur le travail r\u00e9alis\u00e9 au pr\u00e9alable, et sur la sonorit\u00e9 recherch\u00e9e par l&rsquo;artiste. C&rsquo;est aussi pour cette raison que les mixs sont syst\u00e9matiquement soumis \u00e0 l&rsquo;avis de l&rsquo;artiste et approuv\u00e9s avant finalisation<\/span><\/p>\n<\/li>\n<li><span style=\"color: #ffffff;\">Ses \u00e9quipements allient la technologie\u00a0vintage \u00e0 un mat\u00e9riel digital de pointe<\/span><\/li>\n<li><span style=\"color: #ffffff;\">Le mixage est r\u00e9alis\u00e9 avec <strong><span style=\"color: #0000ff;\"><span style=\"color: #ffff00;\">Cubase<\/span> <span style=\"color: #ffff99;\">pro<\/span> <span style=\"color: #ffff00;\">14<\/span><\/span><\/strong><span style=\"color: #ffff00;\">,<\/span> les <span style=\"color: #0000ff;\"><span style=\"color: #ffff00;\">18<\/span> <span style=\"color: #ffff00;\">processeurs Universal Audio<\/span><\/span> permettent d&rsquo;avoir une grande capacit\u00e9 et vari\u00e9t\u00e9 de plugins d\u2019effets comme:<\/span><\/li>\n<li><span style=\"color: #ffffff;\">Tranche de console<\/span>: <span style=\"color: #ffff00;\">Ssl 4000 E, Neve 88 RS<\/span><\/li>\n<li><span style=\"color: #ffffff;\">Compresseurs:<span style=\"color: #ffff00;\"> Shadow hills mastering compressor \/ Thermionic culture vulture \/ Distressor \/ T\u00e9l\u00e9tronics LA2A, Fairchaild, etc.<\/span><\/span><\/li>\n<li><span style=\"color: #ffffff;\">Equalisations:<span style=\"color: #ffff00;\"> Pultec, Brainswork bx digital v3, etc.<\/span><\/span><\/li>\n<li><span style=\"color: #ffff00;\">R\u00e9verb\u00e9rations: Lexicon 480 \/ FabFilter pro R<\/span><\/li>\n<li><span style=\"color: #ffff00;\">, AMS RMX16, EMT 140, etc.<\/span><\/li>\n<\/ul>\n<p><span style=\"color: #ffffff;\">Delay et Modulation: <span style=\"color: #ffff00;\">EP 34 Tape echo, Coqper Time Cube, FabFilter timeless\u00a0 3\u00a0 etc.<\/span><\/span><\/p>\n<ul>\n<li><span style=\"color: #ffffff;\">Traitements sp\u00e9ciaux:<span style=\"color: #ffff00;\"> Antares AutoTune \/ Ampex ATR-102\u00a0 \/ Eventide h910 harmonizer \/ Moog Multimode filter collection,SPL Trasient designer etc.<\/span><\/span><\/li>\n<\/ul>\n\n\n<figure class=\"wp-block-image size-large is-style-default\"><img loading=\"lazy\" decoding=\"async\" width=\"1024\" height=\"768\" src=\"https:\/\/studiolegarage.com\/WordPress3\/wp-content\/uploads\/2020\/07\/salle-mix-vu-table-de-mix-1024x768.jpg\" alt=\"Table Midas XL 250 Pr\u00e9amplis Neve 1073 \/ Pr\u00e9amplis Neve 33415 \/ Pr\u00e9amplis Universal Audio 610\" class=\"wp-image-1311\" title=\"Table Midas XL 250 Pr\u00e9amplis Neve 1073 \/ Pr\u00e9amplis Neve 33415 \/ Pr\u00e9amplis Universal Audio 610\" srcset=\"https:\/\/studiolegarage.com\/WordPress3\/wp-content\/uploads\/2020\/07\/salle-mix-vu-table-de-mix-1024x768.jpg 1024w, https:\/\/studiolegarage.com\/WordPress3\/wp-content\/uploads\/2020\/07\/salle-mix-vu-table-de-mix-300x225.jpg 300w, https:\/\/studiolegarage.com\/WordPress3\/wp-content\/uploads\/2020\/07\/salle-mix-vu-table-de-mix-768x576.jpg 768w, https:\/\/studiolegarage.com\/WordPress3\/wp-content\/uploads\/2020\/07\/salle-mix-vu-table-de-mix-1536x1152.jpg 1536w, https:\/\/studiolegarage.com\/WordPress3\/wp-content\/uploads\/2020\/07\/salle-mix-vu-table-de-mix-2048x1536.jpg 2048w, https:\/\/studiolegarage.com\/WordPress3\/wp-content\/uploads\/2020\/07\/salle-mix-vu-table-de-mix-400x300.jpg 400w\" sizes=\"auto, (max-width: 1024px) 100vw, 1024px\" \/><figcaption class=\"wp-element-caption\">Table Midas XL 250 Pr\u00e9amplis Neve 1073 \/ Pr\u00e9amplis Neve 33415 \/ Pr\u00e9amplis Universal Audio 610<\/figcaption><\/figure>\n\n\n\n<figure class=\"wp-block-image size-large is-style-default\"><img loading=\"lazy\" decoding=\"async\" width=\"1024\" height=\"768\" src=\"https:\/\/studiolegarage.com\/WordPress3\/wp-content\/uploads\/2020\/07\/salle-mix-vu-canap-1024x768.jpg\" alt=\"\" class=\"wp-image-1316\" srcset=\"https:\/\/studiolegarage.com\/WordPress3\/wp-content\/uploads\/2020\/07\/salle-mix-vu-canap-1024x768.jpg 1024w, https:\/\/studiolegarage.com\/WordPress3\/wp-content\/uploads\/2020\/07\/salle-mix-vu-canap-300x225.jpg 300w, https:\/\/studiolegarage.com\/WordPress3\/wp-content\/uploads\/2020\/07\/salle-mix-vu-canap-768x576.jpg 768w, https:\/\/studiolegarage.com\/WordPress3\/wp-content\/uploads\/2020\/07\/salle-mix-vu-canap-1536x1152.jpg 1536w, https:\/\/studiolegarage.com\/WordPress3\/wp-content\/uploads\/2020\/07\/salle-mix-vu-canap-2048x1536.jpg 2048w, https:\/\/studiolegarage.com\/WordPress3\/wp-content\/uploads\/2020\/07\/salle-mix-vu-canap-400x300.jpg 400w\" sizes=\"auto, (max-width: 1024px) 100vw, 1024px\" \/><figcaption class=\"wp-element-caption\">Salle R\u00e9gie 25 m 2<\/figcaption><\/figure>\n\n\n\n<p class=\"wp-block-paragraph\"><\/p>\n<div class='shareinpost'><ul class=\"socialwrap row\"><li class=\"iconOnly\"><a rel=\"nofollow\" target=\"_blank\" href=\"http:\/\/www.blogger.com\/blog_this.pyra?t&amp;u=https%3A%2F%2Fstudiolegarage.com%2FWordPress3%2F%3Fpage_id%3D71&amp;n=Mixage&amp;pli=1\" title=\"Share this post : Mixage on Blogger\" ><img loading=\"lazy\" decoding=\"async\" src=\"https:\/\/studiolegarage.com\/WordPress3\/wp-content\/plugins\/share-and-follow\/images\/blank.gif\" height=\"32\" style=\"background: transparent url(https:\/\/studiolegarage.com\/WordPress3\/wp-content\/plugins\/share-and-follow\/default\/32\/sprite-32.png) no-repeat;padding:0;margin:0;height:32px;width:32px;background-position:-66px 0px\" class=\"image-32\" width=\"32\" alt=\"blogger\"\/> <span class=\"head\">Blog this!<\/span><\/a><\/li><li class=\"iconOnly\"><a rel=\"nofollow\" target=\"_blank\" href=\"http:\/\/digg.com\/submit?url=https%3A%2F%2Fstudiolegarage.com%2FWordPress3%2F%3Fpage_id%3D71&amp;title=Mixage&amp;bodytext=%C2%A0%0A%0AQue+vous+ayez+enregistr%C3%A9+une+maquette+en+home+studio%2C+ou+un+album+dans+un+studio+d%27enregistrement+professionnel%2C+le+Studio%C2%A0Le+Garage%C2%A0se+charge+de+mix%C3%A9+votre+projet+dans+les+meilleures+conditions.%0A+%0ANous+sommes+avant+tout+des+passionn%C3%A9s+de+musique%2C+une+bonne+communication%C2%A0+entre+l%27artiste+et+l%27ing%C3%A9nieur+du+so\" title=\"Digg this post : Mixage\" ><img loading=\"lazy\" decoding=\"async\" src=\"https:\/\/studiolegarage.com\/WordPress3\/wp-content\/plugins\/share-and-follow\/images\/blank.gif\" height=\"32\" style=\"background: transparent url(https:\/\/studiolegarage.com\/WordPress3\/wp-content\/plugins\/share-and-follow\/default\/32\/sprite-32.png) no-repeat;padding:0;margin:0;height:32px;width:32px;background-position:-264px 0px\" class=\"image-32\" width=\"32\" alt=\"digg\"\/> <span class=\"head\">Digg this post<\/span><\/a><\/li><li class=\"iconOnly\"><a rel=\"nofollow\" target=\"_blank\" href=\"http:\/\/www.facebook.com\/sharer.php?u=https%3A%2F%2Fstudiolegarage.com%2FWordPress3%2F%3Fpage_id%3D71&amp;t=Mixage\" title=\"Recommend this post : Mixage on Facebook\" ><img loading=\"lazy\" decoding=\"async\" src=\"https:\/\/studiolegarage.com\/WordPress3\/wp-content\/plugins\/share-and-follow\/images\/blank.gif\" height=\"32\" style=\"background: transparent url(https:\/\/studiolegarage.com\/WordPress3\/wp-content\/plugins\/share-and-follow\/default\/32\/sprite-32.png) no-repeat;padding:0;margin:0;height:32px;width:32px;background-position:-363px 0px\" class=\"image-32\" width=\"32\" alt=\"facebook\"\/> <span class=\"head\">Recommend on Facebook<\/span><\/a><\/li><li class=\"iconOnly\"><a rel=\"nofollow\" target=\"_blank\" href=\"http:\/\/www.linkedin.com\/shareArticle?mini=true&amp;url=https%3A%2F%2Fstudiolegarage.com%2FWordPress3%2F%3Fpage_id%3D71&amp;title=Mixage&amp;&amp;summary=%C2%A0%0A%0AQue+vous+ayez+enregistr%C3%A9+une+maquette+en+home+studio%2C+ou+un+album+dans+un+studio+d%27enregistrement+professionnel%2C+le+Studio%C2%A0Le+Garage%C2%A0se+charge+de+mix%C3%A9+votre+projet+dans+les+meilleures+conditions.%0A+%0ANous+sommes+avant+tout+des+passionn%C3%A9s+de+musique%2C+une+bonne+communication%C2%A0+entre+l%27artiste+et+l%27ing%C3%A9nieur+du+so\" title=\"Share this post : Mixage on Linkedin\" ><img loading=\"lazy\" decoding=\"async\" src=\"https:\/\/studiolegarage.com\/WordPress3\/wp-content\/plugins\/share-and-follow\/images\/blank.gif\" height=\"32\" style=\"background: transparent url(https:\/\/studiolegarage.com\/WordPress3\/wp-content\/plugins\/share-and-follow\/default\/32\/sprite-32.png) no-repeat;padding:0;margin:0;height:32px;width:32px;background-position:-891px 0px\" class=\"image-32\" width=\"32\" alt=\"linkedin\"\/> <span class=\"head\">Share on Linkedin<\/span><\/a><\/li><li class=\"iconOnly\"><a rel=\"nofollow\" target=\"_blank\" href=\"http:\/\/www.myspace.com\/Modules\/PostTo\/Pages\/?u=https%3A%2F%2Fstudiolegarage.com%2FWordPress3%2F%3Fpage_id%3D71\" title=\"Share this post : Mixage via MySpace\" ><img loading=\"lazy\" decoding=\"async\" src=\"https:\/\/studiolegarage.com\/WordPress3\/wp-content\/plugins\/share-and-follow\/images\/blank.gif\" height=\"32\" style=\"background: transparent url(https:\/\/studiolegarage.com\/WordPress3\/wp-content\/plugins\/share-and-follow\/default\/32\/sprite-32.png) no-repeat;padding:0;margin:0;height:32px;width:32px;background-position:-1056px 0px\" class=\"image-32\" width=\"32\" alt=\"myspace\"\/> <span class=\"head\">Share via MySpace<\/span><\/a><\/li><li class=\"iconOnly\"><a rel=\"nofollow\" target=\"_blank\" href=\"http:\/\/www.reddit.com\/submit?url=https%3A%2F%2Fstudiolegarage.com%2FWordPress3%2F%3Fpage_id%3D71&amp;title=Mixage\" title=\"Share this post : Mixage on Reddit\" ><img loading=\"lazy\" decoding=\"async\" src=\"https:\/\/studiolegarage.com\/WordPress3\/wp-content\/plugins\/share-and-follow\/images\/blank.gif\" height=\"32\" style=\"background: transparent url(https:\/\/studiolegarage.com\/WordPress3\/wp-content\/plugins\/share-and-follow\/default\/32\/sprite-32.png) no-repeat;padding:0;margin:0;height:32px;width:32px;background-position:-1419px 0px\" class=\"image-32\" width=\"32\" alt=\"reddit\"\/> <span class=\"head\">share via Reddit<\/span><\/a><\/li><li class=\"iconOnly\"><a rel=\"nofollow\" target=\"_blank\" href=\"http:\/\/www.stumbleupon.com\/submit?url=https%3A%2F%2Fstudiolegarage.com%2FWordPress3%2F%3Fpage_id%3D71&amp;title=Mixage\" title=\"Share this post : Mixage with Stumblers\" ><img loading=\"lazy\" decoding=\"async\" src=\"https:\/\/studiolegarage.com\/WordPress3\/wp-content\/plugins\/share-and-follow\/images\/blank.gif\" height=\"32\" style=\"background: transparent url(https:\/\/studiolegarage.com\/WordPress3\/wp-content\/plugins\/share-and-follow\/default\/32\/sprite-32.png) no-repeat;padding:0;margin:0;height:32px;width:32px;background-position:-1617px 0px\" class=\"image-32\" width=\"32\" alt=\"stumble\"\/> <span class=\"head\">Share with Stumblers<\/span><\/a><\/li><li class=\"iconOnly\"><a rel=\"nofollow\" target=\"_blank\" href=\"http:\/\/www.tumblr.com\/share?v=3&amp;u=https%3A%2F%2Fstudiolegarage.com%2FWordPress3%2F%3Fpage_id%3D71&amp;t=Mixage\" title=\"Tumblr. this post : Mixage \" ><img loading=\"lazy\" decoding=\"async\" src=\"https:\/\/studiolegarage.com\/WordPress3\/wp-content\/plugins\/share-and-follow\/images\/blank.gif\" height=\"32\" style=\"background: transparent url(https:\/\/studiolegarage.com\/WordPress3\/wp-content\/plugins\/share-and-follow\/default\/32\/sprite-32.png) no-repeat;padding:0;margin:0;height:32px;width:32px;background-position:-1716px 0px\" class=\"image-32\" width=\"32\" alt=\"tumblr\"\/> <span class=\"head\">Tumblr it<\/span><\/a><\/li><li class=\"iconOnly\"><a rel=\"nofollow\" target=\"_blank\" href=\"http:\/\/twitter.com\/home\/?status=https%3A%2F%2Fstudiolegarage.com%2FWordPress3%2F%3Fpage_id%3D71\" title=\"Tweet this post : Mixage on Twitter\" ><img loading=\"lazy\" decoding=\"async\" src=\"https:\/\/studiolegarage.com\/WordPress3\/wp-content\/plugins\/share-and-follow\/images\/blank.gif\" height=\"32\" style=\"background: transparent url(https:\/\/studiolegarage.com\/WordPress3\/wp-content\/plugins\/share-and-follow\/default\/32\/sprite-32.png) no-repeat;padding:0;margin:0;height:32px;width:32px;background-position:-1749px 0px\" class=\"image-32\"  width=\"32\"  alt=\"twitter\"\/> <span class=\"head\">Tweet about it<\/span><\/a><\/li><li class=\"iconOnly\"><a rel=\"nofollow\" target=\"_blank\" href=\"http:\/\/buzz.yahoo.com\/buzz?targetUrl=https%3A%2F%2Fstudiolegarage.com%2FWordPress3%2F%3Fpage_id%3D71\" title=\"Buzz up this post : Mixage \" ><img loading=\"lazy\" decoding=\"async\" src=\"https:\/\/studiolegarage.com\/WordPress3\/wp-content\/plugins\/share-and-follow\/images\/blank.gif\" height=\"32\" style=\"background: transparent url(https:\/\/studiolegarage.com\/WordPress3\/wp-content\/plugins\/share-and-follow\/default\/32\/sprite-32.png) no-repeat;padding:0;margin:0;height:32px;width:32px;background-position:-1980px 0px\" class=\"image-32\" width=\"32\" alt=\"yahoo_buzz\"\/> <span class=\"head\">Buzz it up<\/span><\/a><\/li><li class=\"iconOnly\"><a rel=\"_self\" href=\"https:\/\/studiolegarage.com\/WordPress3\/?page_id=71&feed=rss2\" title=\"Follow this post : Mixage comments\"><img loading=\"lazy\" decoding=\"async\" src=\"https:\/\/studiolegarage.com\/WordPress3\/wp-content\/plugins\/share-and-follow\/images\/blank.gif\" height=\"32\"  width=\"32\" style=\"background: transparent url(https:\/\/studiolegarage.com\/WordPress3\/wp-content\/plugins\/share-and-follow\/default\/32\/sprite-32.png) no-repeat;padding:0;margin:0;height:32px;width:32px;background-position:-1452px 0px\" class=\"image-32\"  alt=\"rss\" \/> <span class=\"head\">Subscribe to the comments on this post<\/span><\/a><\/li><li class=\"iconOnly\"><a rel=\"nofollow\" target=\"_self\" href=\"javascript:window.print();\" title=\"Print this post : Mixage for reading later\" ><img loading=\"lazy\" decoding=\"async\" src=\"https:\/\/studiolegarage.com\/WordPress3\/wp-content\/plugins\/share-and-follow\/images\/blank.gif\" height=\"32\" style=\"background: transparent url(https:\/\/studiolegarage.com\/WordPress3\/wp-content\/plugins\/share-and-follow\/default\/32\/sprite-32.png) no-repeat;padding:0;margin:0;height:32px;width:32px;background-position:-1386px 0px\" class=\"image-32\" width=\"32\" alt=\"print\"\/> <span class=\"head\">Print for later<\/span><\/a><\/li><li class=\"iconOnly\"><a rel=\"nofollow\" target=\"_self\" href=\"javascript:window.bookMark('https%3A%2F%2Fstudiolegarage.com%2FWordPress3%2F%3Fpage_id%3D71', 'Mixage', BrowserDetect.browser);\" title=\"Bookmark this post : Mixage\" ><img loading=\"lazy\" decoding=\"async\" src=\"https:\/\/studiolegarage.com\/WordPress3\/wp-content\/plugins\/share-and-follow\/images\/blank.gif\" height=\"32\" style=\"background: transparent url(https:\/\/studiolegarage.com\/WordPress3\/wp-content\/plugins\/share-and-follow\/default\/32\/sprite-32.png) no-repeat;padding:0;margin:0;height:32px;width:32px;background-position:-99px 0px\" class=\"image-32\" width=\"32\" alt=\"bookmark\"\/> <span class=\"head\">Bookmark in Browser<\/span><\/a><\/li><li class=\"iconOnly\"><a rel=\"_self\" href=\"mailto:?subject=%20Studio%20Le%20Garage%20:%20Mixage&amp;body=Viens%20d\u00e9couvrir%20le%20Studio%20d'enregistrement%20Le%20Garage%20!!!%20Fortement%20recommand\u00e9%20;)%20%20https:\/\/studiolegarage.com\/WordPress3\/?page_id=71\" title=\"Tell a friend about this post : Mixage \"><img loading=\"lazy\" decoding=\"async\" src=\"https:\/\/studiolegarage.com\/WordPress3\/wp-content\/plugins\/share-and-follow\/images\/blank.gif\" height=\"32\"  width=\"32\" style=\"background: transparent url(https:\/\/studiolegarage.com\/WordPress3\/wp-content\/plugins\/share-and-follow\/default\/32\/sprite-32.png) no-repeat;padding:0;margin:0;height:32px;width:32px;background-position:-330px 0px\" class=\"image-32\"  alt=\"email\" \/> <span class=\"head\">Tell a friend<\/span><\/a><\/li><\/ul><div class=\"clean\"><\/div> <\/div><div style=\"padding: 10px 0 \"  class=\"interactive_bottom\"><iframe src=\"http:\/\/www.facebook.com\/plugins\/like.php?href=https%3A%2F%2Fstudiolegarage.com%2FWordPress3%2F%3Fpage_id%3D71&amp;layout=standard&amp;show_faces=false&amp;width=65&amp;action=like&amp;font=tahoma&amp;colorscheme=light&amp;height=31\" scrolling=\"no\" frameborder=\"0\" style=\"border:none; overflow:hidden; width:65px; height:31px;\" allowTransparency=\"true\"><\/iframe><\/div>","protected":false},"excerpt":{"rendered":"<p>\u00a0 Que vous ayez enregistr\u00e9 une maquette en home studio, ou un album dans un studio d&rsquo;enregistrement professionnel, le Studio\u00a0Le Garage\u00a0se charge de mix\u00e9 votre projet dans les meilleures conditions. Nous sommes avant tout des passionn\u00e9s de musique, une bonne &hellip; <a href=\"https:\/\/studiolegarage.com\/WordPress3\/?page_id=71\">Continuer la lecture <span class=\"meta-nav\">&rarr;<\/span><\/a><\/p>\n","protected":false},"author":1,"featured_media":0,"parent":0,"menu_order":1,"comment_status":"closed","ping_status":"closed","template":"","meta":{"_crdt_document":"","_monsterinsights_skip_tracking":false,"_monsterinsights_sitenote_active":false,"_monsterinsights_sitenote_note":"","_monsterinsights_sitenote_category":0,"footnotes":""},"class_list":["post-71","page","type-page","status-publish","hentry"],"_links":{"self":[{"href":"https:\/\/studiolegarage.com\/WordPress3\/index.php?rest_route=\/wp\/v2\/pages\/71","targetHints":{"allow":["GET"]}}],"collection":[{"href":"https:\/\/studiolegarage.com\/WordPress3\/index.php?rest_route=\/wp\/v2\/pages"}],"about":[{"href":"https:\/\/studiolegarage.com\/WordPress3\/index.php?rest_route=\/wp\/v2\/types\/page"}],"author":[{"embeddable":true,"href":"https:\/\/studiolegarage.com\/WordPress3\/index.php?rest_route=\/wp\/v2\/users\/1"}],"replies":[{"embeddable":true,"href":"https:\/\/studiolegarage.com\/WordPress3\/index.php?rest_route=%2Fwp%2Fv2%2Fcomments&post=71"}],"version-history":[{"count":58,"href":"https:\/\/studiolegarage.com\/WordPress3\/index.php?rest_route=\/wp\/v2\/pages\/71\/revisions"}],"predecessor-version":[{"id":1532,"href":"https:\/\/studiolegarage.com\/WordPress3\/index.php?rest_route=\/wp\/v2\/pages\/71\/revisions\/1532"}],"wp:attachment":[{"href":"https:\/\/studiolegarage.com\/WordPress3\/index.php?rest_route=%2Fwp%2Fv2%2Fmedia&parent=71"}],"curies":[{"name":"wp","href":"https:\/\/api.w.org\/{rel}","templated":true}]}}